{"id":608,"date":"2025-02-06T13:48:41","date_gmt":"2025-02-06T13:48:41","guid":{"rendered":"https:\/\/montrealretina.com\/?page_id=608"},"modified":"2025-07-08T14:20:35","modified_gmt":"2025-07-08T14:20:35","slug":"home","status":"publish","type":"page","link":"https:\/\/montrealretina.com\/fr\/","title":{"rendered":"Home"},"content":{"rendered":"<div class=\"wp-block-cover alignfull has-custom-content-position is-position-top-center\" style=\"padding-top:0;padding-right:0;padding-bottom:0;padding-left:0;min-height:590px;aspect-ratio:unset;\"><img data-recalc-dims=\"1\" loading=\"lazy\" decoding=\"async\" width=\"1024\" height=\"683\" class=\"wp-block-cover__image-background wp-image-894 size-large\" alt=\"Image du b\u00e2timent Westmount Square, l\u00e0 o\u00f9 se trouve l'institut de la R\u00e9tine de Montr\u00e9al\" src=\"https:\/\/i0.wp.com\/montrealretina.com\/wp-content\/uploads\/2025\/06\/westmount.webp?resize=1024%2C683&#038;ssl=1\" style=\"object-position:56% 85%\" data-object-fit=\"cover\" data-object-position=\"56% 85%\" srcset=\"https:\/\/i0.wp.com\/montrealretina.com\/wp-content\/uploads\/2025\/06\/westmount-scaled.webp?resize=1024%2C683&amp;ssl=1 1024w, https:\/\/i0.wp.com\/montrealretina.com\/wp-content\/uploads\/2025\/06\/westmount-scaled.webp?resize=300%2C200&amp;ssl=1 300w, https:\/\/i0.wp.com\/montrealretina.com\/wp-content\/uploads\/2025\/06\/westmount-scaled.webp?resize=768%2C512&amp;ssl=1 768w, https:\/\/i0.wp.com\/montrealretina.com\/wp-content\/uploads\/2025\/06\/westmount-scaled.webp?resize=1536%2C1024&amp;ssl=1 1536w, https:\/\/i0.wp.com\/montrealretina.com\/wp-content\/uploads\/2025\/06\/westmount-scaled.webp?resize=2048%2C1365&amp;ssl=1 2048w, https:\/\/i0.wp.com\/montrealretina.com\/wp-content\/uploads\/2025\/06\/westmount-scaled.webp?resize=18%2C12&amp;ssl=1 18w\" sizes=\"auto, (max-width: 1000px) 100vw, 1000px\" \/><span aria-hidden=\"true\" class=\"wp-block-cover__background has-background-dim\" style=\"background-color:#03031a\"><\/span><div class=\"wp-block-cover__inner-container is-layout-flow wp-block-cover-is-layout-flow\">\n<h1 class=\"wp-block-heading has-text-align-left has-white-color has-text-color has-link-color has-montserrat-font-family wp-elements-c070935ca0eb8446c1cee0b2194e9606\" style=\"border-style:none;border-width:0px;margin-top:0;margin-right:var(--wp--preset--spacing--20);margin-bottom:0;margin-left:var(--wp--preset--spacing--30);padding-top:var(--wp--preset--spacing--40);padding-right:0;padding-bottom:0;padding-left:0;font-size:65px;font-style:normal;font-weight:500\">Institut de la R\u00e9tine de Montr\u00e9al &nbsp;&nbsp;<\/h1>\n\n\n\n<h2 class=\"wp-block-heading has-white-color has-text-color has-link-color has-montserrat-font-family wp-elements-145f7365433cf56044c3841e2c1c95e1\" style=\"margin-right:299px;margin-left:var(--wp--preset--spacing--30);padding-top:var(--wp--preset--spacing--10);padding-right:300px;font-size:50px;font-style:normal;font-weight:300\">La r\u00e9f\u00e9rence au Qu\u00e9bec pour les soins de la r\u00e9tine et la sant\u00e9 oculaire depuis des d\u00e9cennies<\/h2>\n<\/div><\/div>","protected":false},"excerpt":{"rendered":"","protected":false},"author":2,"featured_media":0,"parent":0,"menu_order":0,"comment_status":"closed","ping_status":"closed","template":"","meta":{"nf_dc_page":"","_monsterinsights_skip_tracking":false,"_monsterinsights_sitenote_active":false,"_monsterinsights_sitenote_note":"","_monsterinsights_sitenote_category":0,"footnotes":""},"class_list":["post-608","page","type-page","status-publish","hentry"],"jetpack_sharing_enabled":true,"_links":{"self":[{"href":"https:\/\/montrealretina.com\/fr\/wp-json\/wp\/v2\/pages\/608","targetHints":{"allow":["GET"]}}],"collection":[{"href":"https:\/\/montrealretina.com\/fr\/wp-json\/wp\/v2\/pages"}],"about":[{"href":"https:\/\/montrealretina.com\/fr\/wp-json\/wp\/v2\/types\/page"}],"author":[{"embeddable":true,"href":"https:\/\/montrealretina.com\/fr\/wp-json\/wp\/v2\/users\/2"}],"replies":[{"embeddable":true,"href":"https:\/\/montrealretina.com\/fr\/wp-json\/wp\/v2\/comments?post=608"}],"version-history":[{"count":20,"href":"https:\/\/montrealretina.com\/fr\/wp-json\/wp\/v2\/pages\/608\/revisions"}],"predecessor-version":[{"id":926,"href":"https:\/\/montrealretina.com\/fr\/wp-json\/wp\/v2\/pages\/608\/revisions\/926"}],"wp:attachment":[{"href":"https:\/\/montrealretina.com\/fr\/wp-json\/wp\/v2\/media?parent=608"}],"curies":[{"name":"wp","href":"https:\/\/api.w.org\/{rel}","templated":true}]}}