{"id":318,"date":"2024-12-22T15:11:05","date_gmt":"2024-12-22T15:11:05","guid":{"rendered":"https:\/\/montrealretina.com\/?page_id=318"},"modified":"2025-07-08T14:14:26","modified_gmt":"2025-07-08T14:14:26","slug":"formulaire-de-reference","status":"publish","type":"page","link":"https:\/\/montrealretina.com\/fr\/formulaire-de-reference\/","title":{"rendered":"Formulaire de r\u00e9f\u00e9rence"},"content":{"rendered":"<div class=\"wp-block-group is-vertical is-content-justification-center is-layout-flex wp-container-core-group-is-layout-1fac40ba wp-block-group-is-layout-flex\" style=\"border-style:none;border-width:0px;margin-top:0;margin-bottom:0;padding-right:20px;padding-left:20px\">\n<div class=\"wp-block-group is-layout-constrained wp-block-group-is-layout-constrained\">\n<h2 class=\"wp-block-heading has-text-align-center has-custom-color-2-color has-text-color has-link-color has-huge-font-size wp-elements-188a1cea4bda3c3f1189a2453c756c09\" style=\"font-style:normal;font-weight:500\">Formulaire de r\u00e9f\u00e9rence<\/h2>\n\n\n\n<hr class=\"wp-block-separator has-text-color has-custom-color-2-color has-alpha-channel-opacity has-custom-color-2-background-color has-background\" style=\"margin-top:var(--wp--preset--spacing--10);margin-bottom:var(--wp--preset--spacing--10)\"\/>\n<\/div>\n\n\n\n<p class=\"has-text-align-center has-montserrat-font-family has-small-font-size\" style=\"padding-right:var(--wp--preset--spacing--10);padding-left:var(--wp--preset--spacing--10)\">Nous sommes impatients de collaborer avec vous pour prendre soin de la sant\u00e9 visuelle de vos patients. Nous acceptons actuellement les r\u00e9f\u00e9rences. Veuillez contacter notre bureau pour prendre un rendez-vous ou nous envoyer par fax une copie compl\u00e9t\u00e9e du formulaire ci-dessous.<\/p>\n\n\n\n<div class=\"referral-button wp-block-buttons wp-container-content-9cfa9a5a is-vertical is-content-justification-stretch is-layout-flex wp-container-core-buttons-is-layout-a3344666 wp-block-buttons-is-layout-flex\">\n<div class=\"referral-button wp-block-button has-custom-width wp-block-button__width-100\"><a class=\"wp-block-button__link has-white-color has-custom-color-1-background-color has-text-color has-background has-link-color has-text-align-center wp-element-button\" href=\"https:\/\/montrealretina.com\/wp-content\/uploads\/2024\/12\/FORMULAIRE-DE-REFERENCE-RETINE-DE-MONTREAL-ET-CLINIQUE-FOCALE.pdf\" style=\"border-radius:0px;padding-top:12px;padding-right:20px;padding-bottom:12px;padding-left:20px\">\n      T\u00e9l\u00e9chargez le formulaire\n    <\/a><\/div>\n<\/div>\n\n\n\n<p class=\"has-text-align-center has-montserrat-font-family has-small-font-size\" style=\"padding-right:var(--wp--preset--spacing--10);padding-left:var(--wp--preset--spacing--10)\">Ce formulaire peut \u00eatre rempli \u00e0 l\u2019ordinateur ou \u00e0 la main.<\/p>\n<\/div>\n\n\n\n<div style=\"height:73px\" aria-hidden=\"true\" class=\"wp-block-spacer\"><\/div>","protected":false},"excerpt":{"rendered":"<p>Referral Form We look forward to working with you in taking care of your patient\u2019s [&hellip;]<\/p>\n","protected":false},"author":2,"featured_media":0,"parent":0,"menu_order":0,"comment_status":"closed","ping_status":"closed","template":"","meta":{"nf_dc_page":"","_monsterinsights_skip_tracking":false,"_monsterinsights_sitenote_active":false,"_monsterinsights_sitenote_note":"","_monsterinsights_sitenote_category":0,"footnotes":""},"class_list":["post-318","page","type-page","status-publish","hentry"],"jetpack_sharing_enabled":true,"_links":{"self":[{"href":"https:\/\/montrealretina.com\/fr\/wp-json\/wp\/v2\/pages\/318","targetHints":{"allow":["GET"]}}],"collection":[{"href":"https:\/\/montrealretina.com\/fr\/wp-json\/wp\/v2\/pages"}],"about":[{"href":"https:\/\/montrealretina.com\/fr\/wp-json\/wp\/v2\/types\/page"}],"author":[{"embeddable":true,"href":"https:\/\/montrealretina.com\/fr\/wp-json\/wp\/v2\/users\/2"}],"replies":[{"embeddable":true,"href":"https:\/\/montrealretina.com\/fr\/wp-json\/wp\/v2\/comments?post=318"}],"version-history":[{"count":20,"href":"https:\/\/montrealretina.com\/fr\/wp-json\/wp\/v2\/pages\/318\/revisions"}],"predecessor-version":[{"id":953,"href":"https:\/\/montrealretina.com\/fr\/wp-json\/wp\/v2\/pages\/318\/revisions\/953"}],"wp:attachment":[{"href":"https:\/\/montrealretina.com\/fr\/wp-json\/wp\/v2\/media?parent=318"}],"curies":[{"name":"wp","href":"https:\/\/api.w.org\/{rel}","templated":true}]}}