{"id":233,"date":"2024-12-17T21:03:57","date_gmt":"2024-12-17T21:03:57","guid":{"rendered":"https:\/\/montrealretina.com\/?page_id=233"},"modified":"2025-07-07T20:41:24","modified_gmt":"2025-07-07T20:41:24","slug":"visitor-information","status":"publish","type":"page","link":"https:\/\/montrealretina.com\/fr\/visitor-information\/","title":{"rendered":"Infos pour les visiteurs"},"content":{"rendered":"<div class=\"nfd-container nfd-p-lg nfd-theme-light nfd-bg-surface nfd-wb-faq__faq-7 is-style-nfd-theme-white wp-block-group is-layout-constrained wp-block-group-is-layout-constrained\">\n<div class=\"wp-block-group is-layout-constrained wp-block-group-is-layout-constrained\">\n<h2 class=\"wp-block-heading has-text-align-center has-custom-color-2-color has-text-color has-link-color has-montserrat-font-family has-huge-font-size wp-elements-f8a7f70354c9d56e5fb1b45ea26a7b65\" style=\"font-style:normal;font-weight:500\">Infos pour les visiteurs<\/h2>\n\n\n\n<hr class=\"wp-block-separator has-text-color has-custom-color-2-color has-alpha-channel-opacity has-custom-color-2-background-color has-background\" style=\"margin-top:var(--wp--preset--spacing--20);margin-bottom:var(--wp--preset--spacing--20)\"\/>\n<\/div>\n\n\n\n<div class=\"is-style-nfd-theme-light wp-block-group is-layout-constrained wp-container-core-group-is-layout-21deba94 wp-block-group-is-layout-constrained\">\n<div style=\"height:44px\" aria-hidden=\"true\" class=\"wp-block-spacer\"><\/div>\n\n\n\n<details class=\"nfd-text-md nfd-p-card-sm nfd-rounded nfd-text-contrast nfd-shadow-xs wp-block-details has-base-background-color has-background has-montserrat-font-family is-layout-flow wp-block-details-is-layout-flow\" style=\"border-width:1px;font-style:normal;font-weight:500\"><summary>Que dois-je apporter lors de mon rendez-vous?<\/summary>\n<ul class=\"wp-block-list\">\n<li class=\"has-montserrat-font-family has-small-font-size\" style=\"font-style:normal;font-weight:300\">Carte d\u2019assurance maladie<\/li>\n\n\n\n<li class=\"has-montserrat-font-family has-small-font-size\" style=\"font-style:normal;font-weight:300\">Liste de vos m\u00e9dicaments<\/li>\n\n\n\n<li class=\"has-montserrat-font-family has-small-font-size\" style=\"font-style:normal;font-weight:300\">Carte des lentilles de chirurgie de la cataracte (si applicable)<\/li>\n\n\n\n<li class=\"has-montserrat-font-family has-small-font-size\" style=\"font-style:normal;font-weight:300\">Lunettes de soleil (vos yeux pourraient \u00eatre sensibles \u00e0 la lumi\u00e8re apr\u00e8s la dilatation des pupilles)<\/li>\n<\/ul>\n<\/details>\n\n\n\n<details class=\"nfd-text-md nfd-p-card-sm nfd-rounded nfd-text-contrast nfd-shadow-xs wp-block-details has-base-background-color has-background has-montserrat-font-family is-layout-flow wp-block-details-is-layout-flow\" style=\"border-width:1px;font-style:normal;font-weight:500\"><summary>\u00c0 quoi dois-je m'attendre lors de ma visite?<\/summary>\n<ul style=\"font-style:normal;font-weight:300\" class=\"wp-block-list has-montserrat-font-family\">\n<li class=\"has-montserrat-font-family has-small-font-size\" style=\"font-style:normal;font-weight:300\">Dilatation des pupilles avec des gouttes<\/li>\n\n\n\n<li class=\"has-montserrat-font-family has-small-font-size\" style=\"font-style:normal;font-weight:300\">Vision floue et sensibilit\u00e9 \u00e0 la lumi\u00e8re pendant 3-4 heures apr\u00e8s les gouttes<\/li>\n\n\n\n<li class=\"has-montserrat-font-family has-small-font-size\" style=\"font-style:normal;font-weight:300\">La conduite pourrait \u00eatre difficile apr\u00e8s la dilatation, veuillez pr\u00e9voir un moyen de transport alternatif<\/li>\n<\/ul>\n<\/details>\n\n\n\n<details class=\"nfd-text-md nfd-p-card-sm nfd-rounded nfd-text-contrast nfd-shadow-xs wp-block-details has-base-background-color has-background has-montserrat-font-family is-layout-flow wp-block-details-is-layout-flow\" style=\"border-width:1px;font-style:normal;font-weight:500\"><summary>Comment se rendre \u00e0 la clinique?<\/summary>\n<p class=\"has-montserrat-font-family has-small-font-size\" style=\"font-style:normal;font-weight:300\">Nous sommes situ\u00e9 au 1 Carr\u00e9 Westmount, suite 1750, Westmount, Qu\u00e9bec, H3Z 2P9<\/p>\n\n\n\n<p class=\"nfd-text-base nfd-text-faded has-small-font-size\" style=\"margin-top:var(--wp--preset--spacing--10);font-style:normal;font-weight:700\">En voiture<\/p>\n\n\n\n<p class=\"has-montserrat-font-family has-small-font-size\" style=\"font-style:normal;font-weight:300\">Sortie Atwater depuis la Route 136. Stationnement souterrain disponible sur place<\/p>\n\n\n\n<p class=\"has-montserrat-font-family has-small-font-size\" style=\"font-style:normal;font-weight:700\">En m\u00e9tro<\/p>\n\n\n\n<p class=\"has-montserrat-font-family has-small-font-size\" style=\"font-style:normal;font-weight:300\">Prenez le m\u00e9tro jusqu\u2019\u00e0 la station Atwater (ligne verte)\nLa station Atwater est reli\u00e9e \u00e0 Westmount Square via un tunnel pi\u00e9tonnier souterrain<\/p>\n\n\n\n<p class=\"has-montserrat-font-family has-small-font-size\" style=\"font-style:normal;font-weight:700\">En autobus<\/p>\n\n\n\n<p class=\"nfd-text-base nfd-text-faded has-montserrat-font-family has-small-font-size\" style=\"margin-top:var(--wp--preset--spacing--10);font-style:normal;font-weight:300\">Les lignes suivantes passent pr\u00e8s de Westmount Square : 15, 57, 63, 90, 104, 108, 138, 144, 150<\/p>\n<\/details>\n\n\n\n<details class=\"nfd-text-md nfd-p-card-sm nfd-rounded nfd-text-contrast nfd-shadow-xs wp-block-details has-base-background-color has-background has-montserrat-font-family is-layout-flow wp-block-details-is-layout-flow\" style=\"border-width:1px;font-style:normal;font-weight:500\"><summary>Y a-t-il un acc\u00e8s pour les fauteuils roulants?<\/summary>\n<p class=\"has-montserrat-font-family has-small-font-size translation-block\" style=\"font-style:normal;font-weight:300\">Les patients \u00e0 mobilit\u00e9 r\u00e9duite peuvent acc\u00e9der au b\u00e2timent de <strong>2 fa\u00e7ons <\/strong>: \n<br><br>1) Stationnez devant le \u00a0<strong>Westmount Square sur la rue Sainte-Catherine<\/strong> et entrez dans le b\u00e2timent par la porte indiqu\u00e9e <strong>4 Westmount Square<\/strong>. \n<br>\u00c0 la fin du couloir, vous trouverez un petit ascenseur ouvert qui vous m\u00e8nera au niveau de la \u00a0<strong>galerie marchande<\/strong> (pr\u00e8s de la Banque Royale). \n<br>Vous pourrez ensuite vous rendre aux ascenseurs de la \u00a0<strong>tour\u202f1<\/strong> pour acc\u00e9der \u00e0 notre clinique.<\/p>\n\n\n\n<p class=\"has-montserrat-font-family has-small-font-size translation-block\" style=\"font-style:normal;font-weight:300\">2) Vous pouvez vous garer temporairement au  <strong>niveau P1<\/strong> et prendre l\u2019ascenseur situ\u00e9 tout au fond du garage jusqu\u2019\u00e0 notre clinique au  <strong>17\u1d49 \u00e9tage<\/strong>.<\/p>\n<\/details>\n\n\n\n<div style=\"height:44px\" aria-hidden=\"true\" class=\"wp-block-spacer\"><\/div>\n<\/div>\n<\/div>","protected":false},"excerpt":{"rendered":"<p>Infos pour les visiteurs<\/p>","protected":false},"author":2,"featured_media":0,"parent":0,"menu_order":0,"comment_status":"closed","ping_status":"closed","template":"","meta":{"nf_dc_page":"","_monsterinsights_skip_tracking":false,"_monsterinsights_sitenote_active":false,"_monsterinsights_sitenote_note":"","_monsterinsights_sitenote_category":0,"footnotes":""},"class_list":["post-233","page","type-page","status-publish","hentry"],"jetpack_sharing_enabled":true,"_links":{"self":[{"href":"https:\/\/montrealretina.com\/fr\/wp-json\/wp\/v2\/pages\/233","targetHints":{"allow":["GET"]}}],"collection":[{"href":"https:\/\/montrealretina.com\/fr\/wp-json\/wp\/v2\/pages"}],"about":[{"href":"https:\/\/montrealretina.com\/fr\/wp-json\/wp\/v2\/types\/page"}],"author":[{"embeddable":true,"href":"https:\/\/montrealretina.com\/fr\/wp-json\/wp\/v2\/users\/2"}],"replies":[{"embeddable":true,"href":"https:\/\/montrealretina.com\/fr\/wp-json\/wp\/v2\/comments?post=233"}],"version-history":[{"count":16,"href":"https:\/\/montrealretina.com\/fr\/wp-json\/wp\/v2\/pages\/233\/revisions"}],"predecessor-version":[{"id":909,"href":"https:\/\/montrealretina.com\/fr\/wp-json\/wp\/v2\/pages\/233\/revisions\/909"}],"wp:attachment":[{"href":"https:\/\/montrealretina.com\/fr\/wp-json\/wp\/v2\/media?parent=233"}],"curies":[{"name":"wp","href":"https:\/\/api.w.org\/{rel}","templated":true}]}}