{"id":100,"date":"2024-12-15T15:48:47","date_gmt":"2024-12-15T15:48:47","guid":{"rendered":"https:\/\/montrealretina.com\/?page_id=100"},"modified":"2025-07-07T20:35:50","modified_gmt":"2025-07-07T20:35:50","slug":"contact-us","status":"publish","type":"page","link":"https:\/\/montrealretina.com\/en\/contact-us\/","title":{"rendered":"Contact Us"},"content":{"rendered":"\n<div class=\"nfd-container nfd-p-md nfd-theme-white nfd-bg-surface is-style-nfd-theme-white wp-block-group is-layout-constrained wp-block-group-is-layout-constrained\">\n<div class=\"wp-block-group alignfull is-layout-constrained wp-block-group-is-layout-constrained\">\n<h1 class=\"nfd-text-giga nfd-text-contrast nfd-text-balance wp-block-heading alignfull has-text-align-center has-custom-color-2-color has-text-color has-link-color has-montserrat-font-family has-huge-font-size wp-elements-dce1944014d04ec0fec3b67fb5453cc2\" style=\"font-style:normal;font-weight:500\">Contact Us<\/h1>\n\n\n\n<hr class=\"wp-block-separator has-text-color has-custom-color-2-color has-alpha-channel-opacity has-custom-color-2-background-color has-background\" style=\"margin-top:var(--wp--preset--spacing--20);margin-bottom:var(--wp--preset--spacing--20)\"\/>\n<\/div>\n\n\n\n<div class=\"nfd-text-md nfd-gap-2xl wp-block-columns nfd-wb-animate nfd-wb-fade-in-bottom is-layout-flex wp-container-core-columns-is-layout-28f84493 wp-block-columns-is-layout-flex\">\n<div class=\"wp-block-column is-vertically-aligned-top has-input-field-background-color has-background is-layout-flow wp-container-core-column-is-layout-abdc9ebb wp-block-column-is-layout-flow\" style=\"padding-left:var(--wp--preset--spacing--10)\">\n<div style=\"height:0px\" aria-hidden=\"true\" class=\"wp-block-spacer\"><\/div>\n\n\n\n<h2 class=\"wp-block-heading nfd-text-lg nfd-text-current has-montserrat-font-family\">Montreal Retina Institute and Clinique Focale<\/h2>\n\n\n\n<div class=\"nfd-text-opacity-80 wp-block-group has-montserrat-font-family is-content-justification-left is-layout-constrained wp-container-core-group-is-layout-79dd21d6 wp-block-group-is-layout-constrained\" style=\"font-size:21px\">\n<p class=\"has-text-link-color has-text-color has-link-color has-montserrat-font-family has-small-font-size wp-elements-9b100c8a80b8509ff153329cb412a2c1\">1 Westmount Square, suite 1750, <br>Westmount, Qu\u00e9bec, H3Z 2P9<\/p>\n\n\n\n<p class=\"has-text-link-color has-text-color has-link-color has-montserrat-font-family has-small-font-size wp-elements-0830e7faededdd9a4919625ec2c36da8\">Monday-Friday : 8 AM &#8211; 4 PM<\/p>\n\n\n\n<p class=\"has-text-link-color has-text-color has-link-color has-montserrat-font-family has-small-font-size wp-elements-be27bafa4eded96de3868ec8bb042eea\"><a href=\"mailto:info@montrealretina.com\">info@montrealretina.com<\/a><\/p>\n\n\n\n<div class=\"wp-block-group is-layout-constrained wp-block-group-is-layout-constrained\">\n<div class=\"wp-block-group is-nowrap is-layout-flex wp-container-core-group-is-layout-6c531013 wp-block-group-is-layout-flex\">\n<figure class=\"is-style-default vertical-aligncenter wp-block-image size-full is-resized\"><img data-recalc-dims=\"1\" loading=\"lazy\" decoding=\"async\" width=\"100\" height=\"117\" src=\"https:\/\/i0.wp.com\/montrealretina.com\/wp-content\/uploads\/2025\/02\/icon-phone.png?resize=100%2C117&#038;ssl=1\" alt=\"Ic\u00f4ne de t\u00e9l\u00e9phone pour contacter notre clinique.\" class=\"wp-image-833\" style=\"width:20px;height:auto\" srcset=\"https:\/\/i0.wp.com\/montrealretina.com\/wp-content\/uploads\/2025\/02\/icon-phone.png?w=100&amp;ssl=1 100w, https:\/\/i0.wp.com\/montrealretina.com\/wp-content\/uploads\/2025\/02\/icon-phone.png?resize=10%2C12&amp;ssl=1 10w\" sizes=\"auto, (max-width: 100px) 100vw, 100px\" \/><\/figure>\n\n\n\n<p class=\"has-text-link-color has-text-color has-link-color has-montserrat-font-family has-small-font-size wp-elements-e456db51e13a1501f15711fb730dc5d8\">Tel: (514) 285-8838<\/p>\n<\/div>\n<\/div>\n\n\n\n<div class=\"wp-block-group is-layout-constrained wp-block-group-is-layout-constrained\">\n<div class=\"wp-block-group is-nowrap is-layout-flex wp-container-core-group-is-layout-6c531013 wp-block-group-is-layout-flex\">\n<figure class=\"wp-block-image size-full is-resized\"><img data-recalc-dims=\"1\" loading=\"lazy\" decoding=\"async\" width=\"298\" height=\"320\" src=\"https:\/\/i0.wp.com\/montrealretina.com\/wp-content\/uploads\/2024\/11\/fax.png?resize=298%2C320&#038;ssl=1\" alt=\"Icone de Fax\" class=\"wp-image-231\" style=\"width:22px;height:auto\" srcset=\"https:\/\/i0.wp.com\/montrealretina.com\/wp-content\/uploads\/2024\/11\/fax.png?w=298&amp;ssl=1 298w, https:\/\/i0.wp.com\/montrealretina.com\/wp-content\/uploads\/2024\/11\/fax.png?resize=279%2C300&amp;ssl=1 279w\" sizes=\"auto, (max-width: 298px) 100vw, 298px\" \/><\/figure>\n\n\n\n<p class=\"has-text-link-color has-text-color has-link-color has-montserrat-font-family has-small-font-size wp-elements-818fe272d9b5cfa8fb46b2328da2d6fe\">Fax: (514) 285-8897<\/p>\n<\/div>\n<\/div>\n\n\n\n<p class=\"has-text-link-color has-text-color has-link-color has-montserrat-font-family has-small-font-size wp-elements-a9304f426643647e0720d1cc3c28dfac\">Learn more about our team of specialists on our <a href=\"https:\/\/montrealretina.com\/about-us\/\" data-type=\"page\" data-id=\"95\">About Us<\/a> page<\/p>\n<\/div>\n\n\n\n<div style=\"height:0px\" aria-hidden=\"true\" class=\"wp-block-spacer\"><\/div>\n<\/div>\n\n\n\n<div class=\"wp-block-column is-vertically-aligned-top is-layout-flow wp-container-core-column-is-layout-369f67fb wp-block-column-is-layout-flow\"><style id=\"wpforms-css-vars-137-block-9c70c035-3aca-413b-b217-87c9e7daee5f\">\n\t\t\t\t#wpforms-137.wpforms-block-9c70c035-3aca-413b-b217-87c9e7daee5f {\n\t\t\t\t--wpforms-field-background-color: #c3d9e7;\n--wpforms-field-size-input-height: 43px;\n--wpforms-field-size-input-spacing: 15px;\n--wpforms-field-size-font-size: 16px;\n--wpforms-field-size-line-height: 19px;\n--wpforms-field-size-padding-h: 14px;\n--wpforms-field-size-checkbox-size: 16px;\n--wpforms-field-size-sublabel-spacing: 5px;\n--wpforms-field-size-icon-size: 1;\n--wpforms-label-size-font-size: 16px;\n--wpforms-label-size-line-height: 19px;\n--wpforms-label-size-sublabel-font-size: 14px;\n--wpforms-label-size-sublabel-line-height: 17px;\n--wpforms-button-size-font-size: 17px;\n--wpforms-button-size-height: 41px;\n--wpforms-button-size-padding-h: 15px;\n--wpforms-button-size-margin-top: 10px;\n\t\t\t}\n\t\t\t<\/style><div class=\"wpforms-container wpforms-container-full wpforms-block wpforms-block-9c70c035-3aca-413b-b217-87c9e7daee5f wpforms-render-modern\" id=\"wpforms-137\"><form id=\"wpforms-form-137\" class=\"wpforms-validate wpforms-form wpforms-ajax-form\" data-formid=\"137\" method=\"post\" enctype=\"multipart\/form-data\" action=\"\/en\/wp-json\/wp\/v2\/pages\/100\" data-token=\"2be1b858f4a3fa8ce33e2d3edb6d1066\" data-token-time=\"1776955313\"><noscript class=\"wpforms-error-noscript\">Please enable JavaScript in your browser to complete this form.<\/noscript><div id=\"wpforms-error-noscript\" style=\"display: none;\">Please enable JavaScript in your browser to complete this form.<\/div><div class=\"wpforms-field-container\"><div id=\"wpforms-137-field_6-container\" class=\"wpforms-field wpforms-field-name\" data-field-id=\"6\"><label class=\"wpforms-field-label\" for=\"wpforms-137-field_6\">Nom\/Name <span class=\"wpforms-required-label\" aria-hidden=\"true\">*<\/span><\/label><input type=\"text\" id=\"wpforms-137-field_6\" class=\"wpforms-field-medium wpforms-field-required\" name=\"wpforms[fields][6]\" aria-errormessage=\"wpforms-137-field_6-error\" required><\/div><div id=\"wpforms-137-field_7-container\" class=\"wpforms-field wpforms-field-email\" data-field-id=\"7\"><label class=\"wpforms-field-label\" for=\"wpforms-137-field_7\">Courriel\/Email <span class=\"wpforms-required-label\" aria-hidden=\"true\">*<\/span><\/label><input type=\"email\" id=\"wpforms-137-field_7\" class=\"wpforms-field-medium wpforms-field-required\" name=\"wpforms[fields][7]\" spellcheck=\"false\" aria-errormessage=\"wpforms-137-field_7-error\" required><\/div><div id=\"wpforms-137-field_8-container\" class=\"wpforms-field wpforms-field-number\" data-field-id=\"8\"><label class=\"wpforms-field-label\" for=\"wpforms-137-field_8\">T\u00e9l\u00e9phone\/Phone<\/label><input type=\"number\" id=\"wpforms-137-field_8\" class=\"wpforms-field-medium\" name=\"wpforms[fields][8]\" step=\"any\" aria-errormessage=\"wpforms-137-field_8-error\" ><\/div>\t\t<div id=\"wpforms-137-field_1-container\"\n\t\t\tclass=\"wpforms-field wpforms-field-text\"\n\t\t\tdata-field-type=\"text\"\n\t\t\tdata-field-id=\"1\"\n\t\t\t>\n\t\t\t<label class=\"wpforms-field-label\" for=\"wpforms-137-field_1\" >Message Nom\/Name Courriel\/Email<\/label>\n\t\t\t<input type=\"text\" id=\"wpforms-137-field_1\" class=\"wpforms-field-medium\" name=\"wpforms[fields][1]\" >\n\t\t<\/div>\n\t\t<div id=\"wpforms-137-field_9-container\" class=\"wpforms-field wpforms-field-textarea\" data-field-id=\"9\"><label class=\"wpforms-field-label\" for=\"wpforms-137-field_9\">Message<\/label><textarea id=\"wpforms-137-field_9\" class=\"wpforms-field-medium\" name=\"wpforms[fields][9]\" aria-errormessage=\"wpforms-137-field_9-error\" ><\/textarea><\/div><script>\n\t\t\t\t( function() {\n\t\t\t\t\tconst style = document.createElement( 'style' );\n\t\t\t\t\tstyle.appendChild( document.createTextNode( '#wpforms-137-field_1-container { position: absolute !important; overflow: hidden !important; display: inline !important; height: 1px !important; width: 1px !important; z-index: -1000 !important; padding: 0 !important; } #wpforms-137-field_1-container input { visibility: hidden; } #wpforms-conversational-form-page #wpforms-137-field_1-container label { counter-increment: none; }' ) );\n\t\t\t\t\tdocument.head.appendChild( style );\n\t\t\t\t\tdocument.currentScript?.remove();\n\t\t\t\t} )();\n\t\t\t<\/script><\/div><!-- .wpforms-field-container --><div class=\"wpforms-submit-container\" ><input type=\"hidden\" name=\"wpforms[id]\" value=\"137\"><input type=\"hidden\" name=\"page_title\" value=\"\"><input type=\"hidden\" name=\"page_url\" value=\"https:\/\/montrealretina.com\/en\/wp-json\/wp\/v2\/pages\/100\"><input type=\"hidden\" name=\"url_referer\" value=\"\"><button type=\"submit\" name=\"wpforms[submit]\" id=\"wpforms-submit-137\" class=\"wpforms-submit\" data-alt-text=\"En processus\/Sending...\" data-submit-text=\"Envoyer\/Submit\" aria-live=\"assertive\" value=\"wpforms-submit\">Envoyer\/Submit<\/button><img loading=\"lazy\" decoding=\"async\" src=\"https:\/\/montrealretina.com\/wp-content\/plugins\/wpforms-lite\/assets\/images\/submit-spin.svg\" class=\"wpforms-submit-spinner\" style=\"display: none;\" width=\"26\" height=\"26\" alt=\"Loading\"><\/div><\/form><\/div>  <!-- .wpforms-container --><\/div>\n<\/div>\n\n\n\n<div class=\"wp-block-group is-layout-constrained wp-block-group-is-layout-constrained\">\n<div class=\"wp-block-gmap-gmap-block gmap-block-woqfyvru\"><iframe src=\"https:\/\/maps.google.com\/maps?q=1+Carr+Westmount%2C+Westmount%2C+QC+H3Z+2P9&amp;z=15&amp;t=roadmap&amp;output=embed\" class=\"embd-map\" title=\"1 Carr Westmount, Westmount, QC H3Z 2P9\"><\/iframe><\/div>\n<\/div>\n<\/div>\n","protected":false},"excerpt":{"rendered":"<p>Contact Us Montreal Retina Institute and Clinique Focale 1 Westmount Square, suite 1750, Westmount, Qu\u00e9bec, [&hellip;]<\/p>\n","protected":false},"author":2,"featured_media":0,"parent":0,"menu_order":0,"comment_status":"closed","ping_status":"closed","template":"","meta":{"nf_dc_page":"","_monsterinsights_skip_tracking":false,"_monsterinsights_sitenote_active":false,"_monsterinsights_sitenote_note":"","_monsterinsights_sitenote_category":0,"footnotes":""},"class_list":["post-100","page","type-page","status-publish","hentry"],"jetpack_sharing_enabled":true,"_links":{"self":[{"href":"https:\/\/montrealretina.com\/en\/wp-json\/wp\/v2\/pages\/100","targetHints":{"allow":["GET"]}}],"collection":[{"href":"https:\/\/montrealretina.com\/en\/wp-json\/wp\/v2\/pages"}],"about":[{"href":"https:\/\/montrealretina.com\/en\/wp-json\/wp\/v2\/types\/page"}],"author":[{"embeddable":true,"href":"https:\/\/montrealretina.com\/en\/wp-json\/wp\/v2\/users\/2"}],"replies":[{"embeddable":true,"href":"https:\/\/montrealretina.com\/en\/wp-json\/wp\/v2\/comments?post=100"}],"version-history":[{"count":19,"href":"https:\/\/montrealretina.com\/en\/wp-json\/wp\/v2\/pages\/100\/revisions"}],"predecessor-version":[{"id":917,"href":"https:\/\/montrealretina.com\/en\/wp-json\/wp\/v2\/pages\/100\/revisions\/917"}],"wp:attachment":[{"href":"https:\/\/montrealretina.com\/en\/wp-json\/wp\/v2\/media?parent=100"}],"curies":[{"name":"wp","href":"https:\/\/api.w.org\/{rel}","templated":true}]}}